{"id":41,"date":"2025-10-08T22:51:41","date_gmt":"2025-10-08T20:51:41","guid":{"rendered":"https:\/\/nilsboyercourseaularge.wordpress.com\/?page_id=41"},"modified":"2025-12-19T15:12:26","modified_gmt":"2025-12-19T15:12:26","slug":"palmares","status":"publish","type":"page","link":"https:\/\/nilsboyer.com\/?page_id=41","title":{"rendered":"Palmar\u00e8s"},"content":{"rendered":"\n<figure class=\"wp-block-gallery has-nested-images columns-default is-cropped wp-block-gallery-1 is-layout-flex wp-block-gallery-is-layout-flex\">\n<figure class=\"wp-block-image size-full\"><img data-recalc-dims=\"1\" loading=\"lazy\" decoding=\"async\" width=\"525\" height=\"274\" data-attachment-id=\"260\" data-permalink=\"https:\/\/nilsboyer.com\/?attachment_id=260\" data-orig-file=\"https:\/\/i0.wp.com\/nilsboyer.com\/wp-content\/uploads\/2025\/10\/nilsboyerfrancklavenant_podiumrolexfastnetrace2025-760x396-c-default.jpg?fit=760%2C396&amp;ssl=1\" data-orig-size=\"760,396\" data-comments-opened=\"1\" data-image-meta=\"{&quot;aperture&quot;:&quot;0&quot;,&quot;credit&quot;:&quot;&quot;,&quot;camera&quot;:&quot;&quot;,&quot;caption&quot;:&quot;&quot;,&quot;created_timestamp&quot;:&quot;0&quot;,&quot;copyright&quot;:&quot;&quot;,&quot;focal_length&quot;:&quot;0&quot;,&quot;iso&quot;:&quot;0&quot;,&quot;shutter_speed&quot;:&quot;0&quot;,&quot;title&quot;:&quot;&quot;,&quot;orientation&quot;:&quot;0&quot;}\" data-image-title=\"NilsBoyerFranckLavenant_PodiumRolexFastnetRace2025-760&amp;#215;396-c-default\" data-image-description=\"\" data-image-caption=\"\" data-medium-file=\"https:\/\/i0.wp.com\/nilsboyer.com\/wp-content\/uploads\/2025\/10\/nilsboyerfrancklavenant_podiumrolexfastnetrace2025-760x396-c-default.jpg?fit=300%2C156&amp;ssl=1\" data-large-file=\"https:\/\/i0.wp.com\/nilsboyer.com\/wp-content\/uploads\/2025\/10\/nilsboyerfrancklavenant_podiumrolexfastnetrace2025-760x396-c-default.jpg?fit=525%2C274&amp;ssl=1\" data-id=\"260\" src=\"https:\/\/i0.wp.com\/nilsboyer.com\/wp-content\/uploads\/2025\/10\/nilsboyerfrancklavenant_podiumrolexfastnetrace2025-760x396-c-default.jpg?resize=525%2C274&#038;ssl=1\" alt=\"\" class=\"wp-image-260\" srcset=\"https:\/\/i0.wp.com\/nilsboyer.com\/wp-content\/uploads\/2025\/10\/nilsboyerfrancklavenant_podiumrolexfastnetrace2025-760x396-c-default.jpg?w=760&amp;ssl=1 760w, https:\/\/i0.wp.com\/nilsboyer.com\/wp-content\/uploads\/2025\/10\/nilsboyerfrancklavenant_podiumrolexfastnetrace2025-760x396-c-default.jpg?resize=300%2C156&amp;ssl=1 300w\" sizes=\"auto, (max-width: 706px) 89vw, (max-width: 767px) 82vw, 740px\" \/><\/figure>\n\n\n\n<figure class=\"wp-block-image size-large\"><img data-recalc-dims=\"1\" loading=\"lazy\" decoding=\"async\" width=\"525\" height=\"350\" data-attachment-id=\"33\" data-permalink=\"https:\/\/nilsboyer.com\/?attachment_id=33\" data-orig-file=\"https:\/\/i0.wp.com\/nilsboyer.com\/wp-content\/uploads\/2025\/10\/001a8252.jpg?fit=8192%2C5464&amp;ssl=1\" data-orig-size=\"8192,5464\" data-comments-opened=\"1\" data-image-meta=\"{&quot;aperture&quot;:&quot;3.2&quot;,&quot;credit&quot;:&quot;&quot;,&quot;camera&quot;:&quot;Canon EOS R5&quot;,&quot;caption&quot;:&quot;&quot;,&quot;created_timestamp&quot;:&quot;1759056866&quot;,&quot;copyright&quot;:&quot;&quot;,&quot;focal_length&quot;:&quot;30&quot;,&quot;iso&quot;:&quot;100&quot;,&quot;shutter_speed&quot;:&quot;0.008&quot;,&quot;title&quot;:&quot;&quot;,&quot;orientation&quot;:&quot;0&quot;}\" data-image-title=\"001A8252\" data-image-description=\"\" data-image-caption=\"\" data-medium-file=\"https:\/\/i0.wp.com\/nilsboyer.com\/wp-content\/uploads\/2025\/10\/001a8252.jpg?fit=300%2C200&amp;ssl=1\" data-large-file=\"https:\/\/i0.wp.com\/nilsboyer.com\/wp-content\/uploads\/2025\/10\/001a8252.jpg?fit=525%2C350&amp;ssl=1\" data-id=\"33\" src=\"https:\/\/i0.wp.com\/nilsboyer.com\/wp-content\/uploads\/2025\/10\/001a8252.jpg?resize=525%2C350&#038;ssl=1\" alt=\"\" class=\"wp-image-33\" srcset=\"https:\/\/i0.wp.com\/nilsboyer.com\/wp-content\/uploads\/2025\/10\/001a8252.jpg?w=8192&amp;ssl=1 8192w, https:\/\/i0.wp.com\/nilsboyer.com\/wp-content\/uploads\/2025\/10\/001a8252.jpg?resize=300%2C200&amp;ssl=1 300w, https:\/\/i0.wp.com\/nilsboyer.com\/wp-content\/uploads\/2025\/10\/001a8252.jpg?resize=1024%2C683&amp;ssl=1 1024w, https:\/\/i0.wp.com\/nilsboyer.com\/wp-content\/uploads\/2025\/10\/001a8252.jpg?resize=768%2C512&amp;ssl=1 768w, https:\/\/i0.wp.com\/nilsboyer.com\/wp-content\/uploads\/2025\/10\/001a8252.jpg?resize=1536%2C1025&amp;ssl=1 1536w\" sizes=\"auto, (max-width: 767px) 89vw, (max-width: 1000px) 54vw, (max-width: 1071px) 543px, 580px\" \/><\/figure>\n<\/figure>\n\n\n\n<h3 class=\"wp-block-heading\" id=\"2007---2011\"><strong>2007 \u2013 2011<\/strong><\/h3>\n\n\n\n<hr class=\"wp-block-separator has-alpha-channel-opacity is-style-wide\"\/>\n\n\n\n<ul class=\"wp-block-list\">\n<li>1er Cowes Dinard RC2 A35 avec Franck-Yves Escoffier<\/li>\n\n\n\n<li>1er Spi Ouest France Intermarch\u00e9 A35<\/li>\n\n\n\n<li>1er Cowes-Dinard A35 Franck-Yves Escoffier<\/li>\n\n\n\n<li>1er au Troph\u00e9e National Double UNC<\/li>\n\n\n\n<li>1er au Troph\u00e9e Malo sur Cr\u00eapes Whaou<\/li>\n<\/ul>\n\n\n\n<hr class=\"wp-block-separator has-alpha-channel-opacity is-style-wide\"\/>\n\n\n\n<h3 class=\"wp-block-heading\"><strong>2012 \u2013 2013<\/strong><\/h3>\n\n\n\n<ul class=\"wp-block-list\">\n<li>1er Championnat SNBSM Yacht-Club St Malo<\/li>\n\n\n\n<li>1er Cowes-Deauville Grand Soleil 40 Race<\/li>\n\n\n\n<li>1er Normandy Sailing Week IRC 1 au Havre<\/li>\n\n\n\n<li>Transat St Malo \u2013 Qu\u00e9bec sur 60 pieds Orma<\/li>\n\n\n\n<li>4e Troph\u00e9e des Multicoques Princes de Bretagne<\/li>\n\n\n\n<li>4e Route des Princes Multi 50 Rennes \u2013 St Malo<\/li>\n<\/ul>\n\n\n\n<hr class=\"wp-block-separator has-alpha-channel-opacity is-style-wide\"\/>\n\n\n\n<h3 class=\"wp-block-heading\"><strong>2014<\/strong><\/h3>\n\n\n\n<ul class=\"wp-block-list\">\n<li>1er Cowes-Dinard toutes classes<\/li>\n\n\n\n<li>Participation \u00e0 la Route du Rhum<\/li>\n<\/ul>\n\n\n\n<hr class=\"wp-block-separator has-alpha-channel-opacity is-style-wide\"\/>\n\n\n\n<h3 class=\"wp-block-heading\"><strong>2015<\/strong><\/h3>\n\n\n\n<ul class=\"wp-block-list\">\n<li>1er Rolex Fastnet Race par \u00e9quipe<\/li>\n\n\n\n<li>1er Course en double Celtikup<\/li>\n\n\n\n<li>1er Course en double Barquera<\/li>\n\n\n\n<li>5e Cowes-Dinard<\/li>\n<\/ul>\n\n\n\n<hr class=\"wp-block-separator has-alpha-channel-opacity is-style-wide\"\/>\n\n\n\n<h3 class=\"wp-block-heading\"><strong>2016<\/strong><\/h3>\n\n\n\n<ul class=\"wp-block-list\">\n<li>1er Troph\u00e9e en double Manche UNC avec Fran\u00e7ois Ren\u00e9 Carluer<\/li>\n\n\n\n<li>1er Tour des Minquiers<\/li>\n\n\n\n<li>1er R\u00e9gates des Z\u00e8bres avec Franck-Yves Escoffier<\/li>\n\n\n\n<li>2nd Tour de la Manche des Muscadets<\/li>\n\n\n\n<li>3e Troph\u00e9e des \u00celes en double Audi St Malo<\/li>\n<\/ul>\n\n\n\n<hr class=\"wp-block-separator has-alpha-channel-opacity is-style-wide\"\/>\n\n\n\n<h3 class=\"wp-block-heading\"><strong>2017<\/strong><\/h3>\n\n\n\n<ul class=\"wp-block-list\">\n<li>1er Rotary Cup<\/li>\n\n\n\n<li>1er Tour des Minquiers Troph\u00e9e Audi<\/li>\n\n\n\n<li>1er Spi Ouest-France<\/li>\n<\/ul>\n\n\n\n<hr class=\"wp-block-separator has-alpha-channel-opacity is-style-wide\"\/>\n\n\n\n<h3 class=\"wp-block-heading\"><strong>2018<\/strong><\/h3>\n\n\n\n<ul class=\"wp-block-list\">\n<li>6e Route du Rhum en classe Rhum<\/li>\n<\/ul>\n\n\n\n<hr class=\"wp-block-separator has-alpha-channel-opacity is-style-wide\"\/>\n\n\n\n<h3 class=\"wp-block-heading\"><strong>2020<\/strong><\/h3>\n\n\n\n<ul class=\"wp-block-list\">\n<li>4e Normandy Channel Race<\/li>\n<\/ul>\n\n\n\n<hr class=\"wp-block-separator has-alpha-channel-opacity is-style-wide\"\/>\n\n\n\n<h3 class=\"wp-block-heading\"><strong>2021<\/strong><\/h3>\n\n\n\n<ul class=\"wp-block-list\">\n<li>9e Normandy Channel Race<\/li>\n\n\n\n<li>5e 40 Malouine Lamotte<\/li>\n\n\n\n<li>4e Troph\u00e9e LODIGROUP<\/li>\n<\/ul>\n\n\n\n<hr class=\"wp-block-separator has-alpha-channel-opacity is-style-wide\"\/>\n\n\n\n<h3 class=\"wp-block-heading\"><strong>2023<\/strong><\/h3>\n\n\n\n<ul class=\"wp-block-list\">\n<li>1er R\u00e9gate des Z\u00e8bres<\/li>\n<\/ul>\n\n\n\n<hr class=\"wp-block-separator has-alpha-channel-opacity is-style-wide\"\/>\n\n\n\n<h3 class=\"wp-block-heading\"><strong>2024<\/strong><\/h3>\n\n\n\n<ul class=\"wp-block-list\">\n<li>1er R\u00e9gate des Z\u00e8bres Half Tonner Oplite<\/li>\n\n\n\n<li>1er Victoire Branl. Fras de R\u00e9gates<\/li>\n\n\n\n<li>1er au Troph\u00e9e en double Audi sur JPK 960 Agence Directe<\/li>\n\n\n\n<li>2nd Troph\u00e9e Solo Duo Terres de St Malo (3 \u00e9tapes sur 3)<\/li>\n\n\n\n<li>3e RORC Cowes-Dinard Race<\/li>\n<\/ul>\n\n\n\n<h3 class=\"wp-block-heading\"><strong>2025<\/strong><\/h3>\n\n\n\n<hr class=\"wp-block-separator has-alpha-channel-opacity is-style-wide\"\/>\n\n\n\n<ul class=\"wp-block-list\">\n<li>1er Armen Race<\/li>\n\n\n\n<li>1er Cowes-Dinard<\/li>\n\n\n\n<li>3e Rolex Fastnet Race IRC4<\/li>\n\n\n\n<li>1er Troph\u00e9e Solo Duo Terres de St Malo<\/li>\n\n\n\n<li>1er des R\u00e9gates de Chausey<\/li>\n\n\n\n<li>1er Troph\u00e9e Audi en double<\/li>\n<\/ul>\n\n\n\n<p><\/p>\n\n\n\n<figure class=\"wp-block-gallery has-nested-images columns-default is-cropped wp-block-gallery-2 is-layout-flex wp-block-gallery-is-layout-flex\">\n<figure class=\"wp-block-image size-large\"><img data-recalc-dims=\"1\" decoding=\"async\" data-attachment-id=\"34\" data-permalink=\"https:\/\/nilsboyer.com\/?attachment_id=34\" data-orig-file=\"https:\/\/i0.wp.com\/nilsboyer.com\/wp-content\/uploads\/2025\/10\/001a5450-scaled.jpg?fit=2560%2C1708&amp;ssl=1\" data-orig-size=\"2560,1708\" data-comments-opened=\"1\" data-image-meta=\"{&quot;aperture&quot;:&quot;4.5&quot;,&quot;credit&quot;:&quot;&quot;,&quot;camera&quot;:&quot;Canon EOS R5&quot;,&quot;caption&quot;:&quot;&quot;,&quot;created_timestamp&quot;:&quot;1753101725&quot;,&quot;copyright&quot;:&quot;&quot;,&quot;focal_length&quot;:&quot;50&quot;,&quot;iso&quot;:&quot;1600&quot;,&quot;shutter_speed&quot;:&quot;0.005&quot;,&quot;title&quot;:&quot;&quot;,&quot;orientation&quot;:&quot;0&quot;}\" data-image-title=\"001A5450\" data-image-description=\"\" data-image-caption=\"\" data-medium-file=\"https:\/\/i0.wp.com\/nilsboyer.com\/wp-content\/uploads\/2025\/10\/001a5450-scaled.jpg?fit=300%2C200&amp;ssl=1\" data-large-file=\"https:\/\/i0.wp.com\/nilsboyer.com\/wp-content\/uploads\/2025\/10\/001a5450-scaled.jpg?fit=525%2C350&amp;ssl=1\" data-id=\"34\" src=\"https:\/\/i0.wp.com\/nilsboyer.com\/wp-content\/uploads\/2025\/10\/001a5450.jpg?w=525&#038;ssl=1\" alt=\"\" class=\"wp-image-34\"\/><\/figure>\n<\/figure>\n\n\n\n<figure class=\"wp-block-gallery has-nested-images columns-default is-cropped wp-block-gallery-3 is-layout-flex wp-block-gallery-is-layout-flex\">\n<figure class=\"wp-block-image size-large\"><img data-recalc-dims=\"1\" loading=\"lazy\" decoding=\"async\" width=\"525\" height=\"1167\" data-attachment-id=\"53\" data-permalink=\"https:\/\/nilsboyer.com\/?attachment_id=53\" data-orig-file=\"https:\/\/i0.wp.com\/nilsboyer.com\/wp-content\/uploads\/2025\/10\/whatsapp-image-2025-07-13-a-11.47.12_bb1827d7.jpg?fit=720%2C1600&amp;ssl=1\" data-orig-size=\"720,1600\" data-comments-opened=\"1\" data-image-meta=\"{&quot;aperture&quot;:&quot;0&quot;,&quot;credit&quot;:&quot;&quot;,&quot;camera&quot;:&quot;&quot;,&quot;caption&quot;:&quot;&quot;,&quot;created_timestamp&quot;:&quot;0&quot;,&quot;copyright&quot;:&quot;&quot;,&quot;focal_length&quot;:&quot;0&quot;,&quot;iso&quot;:&quot;0&quot;,&quot;shutter_speed&quot;:&quot;0&quot;,&quot;title&quot;:&quot;&quot;,&quot;orientation&quot;:&quot;0&quot;}\" data-image-title=\"WhatsApp Image 2025-07-13 \u00e0 11.47.12_bb1827d7\" data-image-description=\"\" data-image-caption=\"\" data-medium-file=\"https:\/\/i0.wp.com\/nilsboyer.com\/wp-content\/uploads\/2025\/10\/whatsapp-image-2025-07-13-a-11.47.12_bb1827d7.jpg?fit=135%2C300&amp;ssl=1\" data-large-file=\"https:\/\/i0.wp.com\/nilsboyer.com\/wp-content\/uploads\/2025\/10\/whatsapp-image-2025-07-13-a-11.47.12_bb1827d7.jpg?fit=461%2C1024&amp;ssl=1\" data-id=\"53\" src=\"https:\/\/i0.wp.com\/nilsboyer.com\/wp-content\/uploads\/2025\/10\/whatsapp-image-2025-07-13-a-11.47.12_bb1827d7.jpg?resize=525%2C1167&#038;ssl=1\" alt=\"\" class=\"wp-image-53\" srcset=\"https:\/\/i0.wp.com\/nilsboyer.com\/wp-content\/uploads\/2025\/10\/whatsapp-image-2025-07-13-a-11.47.12_bb1827d7.jpg?w=720&amp;ssl=1 720w, https:\/\/i0.wp.com\/nilsboyer.com\/wp-content\/uploads\/2025\/10\/whatsapp-image-2025-07-13-a-11.47.12_bb1827d7.jpg?resize=135%2C300&amp;ssl=1 135w, https:\/\/i0.wp.com\/nilsboyer.com\/wp-content\/uploads\/2025\/10\/whatsapp-image-2025-07-13-a-11.47.12_bb1827d7.jpg?resize=461%2C1024&amp;ssl=1 461w, https:\/\/i0.wp.com\/nilsboyer.com\/wp-content\/uploads\/2025\/10\/whatsapp-image-2025-07-13-a-11.47.12_bb1827d7.jpg?resize=691%2C1536&amp;ssl=1 691w\" sizes=\"auto, (max-width: 525px) 100vw, 525px\" \/><\/figure>\n\n\n\n<figure class=\"wp-block-image size-large\"><img data-recalc-dims=\"1\" loading=\"lazy\" decoding=\"async\" width=\"525\" height=\"1167\" data-attachment-id=\"54\" data-permalink=\"https:\/\/nilsboyer.com\/?attachment_id=54\" data-orig-file=\"https:\/\/i0.wp.com\/nilsboyer.com\/wp-content\/uploads\/2025\/10\/whatsapp-image-2025-07-13-a-11.52.11_75710b41.jpg?fit=720%2C1600&amp;ssl=1\" data-orig-size=\"720,1600\" data-comments-opened=\"1\" data-image-meta=\"{&quot;aperture&quot;:&quot;0&quot;,&quot;credit&quot;:&quot;&quot;,&quot;camera&quot;:&quot;&quot;,&quot;caption&quot;:&quot;&quot;,&quot;created_timestamp&quot;:&quot;0&quot;,&quot;copyright&quot;:&quot;&quot;,&quot;focal_length&quot;:&quot;0&quot;,&quot;iso&quot;:&quot;0&quot;,&quot;shutter_speed&quot;:&quot;0&quot;,&quot;title&quot;:&quot;&quot;,&quot;orientation&quot;:&quot;0&quot;}\" data-image-title=\"WhatsApp Image 2025-07-13 \u00e0 11.52.11_75710b41\" data-image-description=\"\" data-image-caption=\"\" data-medium-file=\"https:\/\/i0.wp.com\/nilsboyer.com\/wp-content\/uploads\/2025\/10\/whatsapp-image-2025-07-13-a-11.52.11_75710b41.jpg?fit=135%2C300&amp;ssl=1\" data-large-file=\"https:\/\/i0.wp.com\/nilsboyer.com\/wp-content\/uploads\/2025\/10\/whatsapp-image-2025-07-13-a-11.52.11_75710b41.jpg?fit=461%2C1024&amp;ssl=1\" data-id=\"54\" src=\"https:\/\/i0.wp.com\/nilsboyer.com\/wp-content\/uploads\/2025\/10\/whatsapp-image-2025-07-13-a-11.52.11_75710b41.jpg?resize=525%2C1167&#038;ssl=1\" alt=\"\" class=\"wp-image-54\" srcset=\"https:\/\/i0.wp.com\/nilsboyer.com\/wp-content\/uploads\/2025\/10\/whatsapp-image-2025-07-13-a-11.52.11_75710b41.jpg?w=720&amp;ssl=1 720w, https:\/\/i0.wp.com\/nilsboyer.com\/wp-content\/uploads\/2025\/10\/whatsapp-image-2025-07-13-a-11.52.11_75710b41.jpg?resize=135%2C300&amp;ssl=1 135w, https:\/\/i0.wp.com\/nilsboyer.com\/wp-content\/uploads\/2025\/10\/whatsapp-image-2025-07-13-a-11.52.11_75710b41.jpg?resize=461%2C1024&amp;ssl=1 461w, https:\/\/i0.wp.com\/nilsboyer.com\/wp-content\/uploads\/2025\/10\/whatsapp-image-2025-07-13-a-11.52.11_75710b41.jpg?resize=691%2C1536&amp;ssl=1 691w\" sizes=\"auto, (max-width: 525px) 100vw, 525px\" \/><\/figure>\n<\/figure>\n\n\n\n<figure class=\"wp-block-image size-full\"><img data-recalc-dims=\"1\" loading=\"lazy\" decoding=\"async\" width=\"525\" height=\"367\" data-attachment-id=\"342\" data-permalink=\"https:\/\/nilsboyer.com\/?attachment_id=342\" data-orig-file=\"https:\/\/i0.wp.com\/nilsboyer.com\/wp-content\/uploads\/2025\/10\/image_1044945_20250602_ob_e300c2_armen-race-uship-2025.jpg?fit=1016%2C710&amp;ssl=1\" data-orig-size=\"1016,710\" data-comments-opened=\"1\" data-image-meta=\"{&quot;aperture&quot;:&quot;0&quot;,&quot;credit&quot;:&quot;&quot;,&quot;camera&quot;:&quot;&quot;,&quot;caption&quot;:&quot;&quot;,&quot;created_timestamp&quot;:&quot;0&quot;,&quot;copyright&quot;:&quot;&quot;,&quot;focal_length&quot;:&quot;0&quot;,&quot;iso&quot;:&quot;0&quot;,&quot;shutter_speed&quot;:&quot;0&quot;,&quot;title&quot;:&quot;&quot;,&quot;orientation&quot;:&quot;0&quot;}\" data-image-title=\"image_1044945_20250602_ob_e300c2_armen-race-uship-2025\" data-image-description=\"\" data-image-caption=\"\" data-medium-file=\"https:\/\/i0.wp.com\/nilsboyer.com\/wp-content\/uploads\/2025\/10\/image_1044945_20250602_ob_e300c2_armen-race-uship-2025.jpg?fit=300%2C210&amp;ssl=1\" data-large-file=\"https:\/\/i0.wp.com\/nilsboyer.com\/wp-content\/uploads\/2025\/10\/image_1044945_20250602_ob_e300c2_armen-race-uship-2025.jpg?fit=525%2C367&amp;ssl=1\" src=\"https:\/\/i0.wp.com\/nilsboyer.com\/wp-content\/uploads\/2025\/10\/image_1044945_20250602_ob_e300c2_armen-race-uship-2025.jpg?resize=525%2C367&#038;ssl=1\" alt=\"\" class=\"wp-image-342\" srcset=\"https:\/\/i0.wp.com\/nilsboyer.com\/wp-content\/uploads\/2025\/10\/image_1044945_20250602_ob_e300c2_armen-race-uship-2025.jpg?w=1016&amp;ssl=1 1016w, https:\/\/i0.wp.com\/nilsboyer.com\/wp-content\/uploads\/2025\/10\/image_1044945_20250602_ob_e300c2_armen-race-uship-2025.jpg?resize=300%2C210&amp;ssl=1 300w, https:\/\/i0.wp.com\/nilsboyer.com\/wp-content\/uploads\/2025\/10\/image_1044945_20250602_ob_e300c2_armen-race-uship-2025.jpg?resize=768%2C537&amp;ssl=1 768w\" sizes=\"auto, (max-width: 767px) 89vw, (max-width: 1000px) 54vw, (max-width: 1071px) 543px, 580px\" \/><\/figure>\n","protected":false},"excerpt":{"rendered":"<p>2007 \u2013 2011 2012 \u2013 2013 2014 2015 2016 2017 2018 2020 2021 2023 2024 2025<\/p>\n","protected":false},"author":2,"featured_media":0,"parent":0,"menu_order":0,"comment_status":"closed","ping_status":"closed","template":"","meta":{"footnotes":""},"class_list":["post-41","page","type-page","status-publish","hentry"],"yoast_head":"<!-- This site is optimized with the Yoast SEO plugin v27.4 - https:\/\/yoast.com\/product\/yoast-seo-wordpress\/ -->\n<title>Palmar\u00e8s - Nils Boyer<\/title>\n<meta name=\"robots\" content=\"index, follow, max-snippet:-1, max-image-preview:large, max-video-preview:-1\" \/>\n<link rel=\"canonical\" href=\"https:\/\/nilsboyer.com\/?page_id=41\" \/>\n<meta property=\"og:locale\" content=\"fr_FR\" \/>\n<meta property=\"og:type\" content=\"article\" \/>\n<meta property=\"og:title\" content=\"Palmar\u00e8s - Nils Boyer\" \/>\n<meta property=\"og:description\" content=\"2007 \u2013 2011 2012 \u2013 2013 2014 2015 2016 2017 2018 2020 2021 2023 2024 2025\" \/>\n<meta property=\"og:url\" content=\"https:\/\/nilsboyer.com\/?page_id=41\" \/>\n<meta property=\"og:site_name\" content=\"Nils Boyer\" \/>\n<meta property=\"article:modified_time\" content=\"2025-12-19T15:12:26+00:00\" \/>\n<meta property=\"og:image\" content=\"https:\/\/i0.wp.com\/nilsboyer.com\/wp-content\/uploads\/2025\/10\/nilsboyerfrancklavenant_podiumrolexfastnetrace2025-760x396-c-default.jpg?fit=760%2C396&ssl=1\" \/>\n\t<meta property=\"og:image:width\" content=\"760\" \/>\n\t<meta property=\"og:image:height\" content=\"396\" \/>\n\t<meta property=\"og:image:type\" content=\"image\/jpeg\" \/>\n<meta name=\"twitter:card\" content=\"summary_large_image\" \/>\n<meta name=\"twitter:label1\" content=\"Dur\u00e9e de lecture estim\u00e9e\" \/>\n\t<meta name=\"twitter:data1\" content=\"1 minute\" \/>\n<script type=\"application\/ld+json\" class=\"yoast-schema-graph\">{\"@context\":\"https:\\\/\\\/schema.org\",\"@graph\":[{\"@type\":\"WebPage\",\"@id\":\"https:\\\/\\\/nilsboyer.com\\\/?page_id=41\",\"url\":\"https:\\\/\\\/nilsboyer.com\\\/?page_id=41\",\"name\":\"Palmar\u00e8s - Nils Boyer\",\"isPartOf\":{\"@id\":\"https:\\\/\\\/nilsboyer.com\\\/#website\"},\"primaryImageOfPage\":{\"@id\":\"https:\\\/\\\/nilsboyer.com\\\/?page_id=41#primaryimage\"},\"image\":{\"@id\":\"https:\\\/\\\/nilsboyer.com\\\/?page_id=41#primaryimage\"},\"thumbnailUrl\":\"https:\\\/\\\/nilsboyer.com\\\/wp-content\\\/uploads\\\/2025\\\/10\\\/nilsboyerfrancklavenant_podiumrolexfastnetrace2025-760x396-c-default.jpg\",\"datePublished\":\"2025-10-08T20:51:41+00:00\",\"dateModified\":\"2025-12-19T15:12:26+00:00\",\"breadcrumb\":{\"@id\":\"https:\\\/\\\/nilsboyer.com\\\/?page_id=41#breadcrumb\"},\"inLanguage\":\"fr-FR\",\"potentialAction\":[{\"@type\":\"ReadAction\",\"target\":[\"https:\\\/\\\/nilsboyer.com\\\/?page_id=41\"]}]},{\"@type\":\"ImageObject\",\"inLanguage\":\"fr-FR\",\"@id\":\"https:\\\/\\\/nilsboyer.com\\\/?page_id=41#primaryimage\",\"url\":\"https:\\\/\\\/i0.wp.com\\\/nilsboyer.com\\\/wp-content\\\/uploads\\\/2025\\\/10\\\/nilsboyerfrancklavenant_podiumrolexfastnetrace2025-760x396-c-default.jpg?fit=760%2C396&ssl=1\",\"contentUrl\":\"https:\\\/\\\/i0.wp.com\\\/nilsboyer.com\\\/wp-content\\\/uploads\\\/2025\\\/10\\\/nilsboyerfrancklavenant_podiumrolexfastnetrace2025-760x396-c-default.jpg?fit=760%2C396&ssl=1\",\"width\":760,\"height\":396},{\"@type\":\"BreadcrumbList\",\"@id\":\"https:\\\/\\\/nilsboyer.com\\\/?page_id=41#breadcrumb\",\"itemListElement\":[{\"@type\":\"ListItem\",\"position\":1,\"name\":\"Accueil\",\"item\":\"https:\\\/\\\/nilsboyer.com\\\/\"},{\"@type\":\"ListItem\",\"position\":2,\"name\":\"Palmar\u00e8s\"}]},{\"@type\":\"WebSite\",\"@id\":\"https:\\\/\\\/nilsboyer.com\\\/#website\",\"url\":\"https:\\\/\\\/nilsboyer.com\\\/\",\"name\":\"Nils Boyer\",\"description\":\"Des ambitions, toujours au Large !\",\"publisher\":{\"@id\":\"https:\\\/\\\/nilsboyer.com\\\/#organization\"},\"potentialAction\":[{\"@type\":\"SearchAction\",\"target\":{\"@type\":\"EntryPoint\",\"urlTemplate\":\"https:\\\/\\\/nilsboyer.com\\\/?s={search_term_string}\"},\"query-input\":{\"@type\":\"PropertyValueSpecification\",\"valueRequired\":true,\"valueName\":\"search_term_string\"}}],\"inLanguage\":\"fr-FR\"},{\"@type\":\"Organization\",\"@id\":\"https:\\\/\\\/nilsboyer.com\\\/#organization\",\"name\":\"Nils Boyer\",\"url\":\"https:\\\/\\\/nilsboyer.com\\\/\",\"logo\":{\"@type\":\"ImageObject\",\"inLanguage\":\"fr-FR\",\"@id\":\"https:\\\/\\\/nilsboyer.com\\\/#\\\/schema\\\/logo\\\/image\\\/\",\"url\":\"https:\\\/\\\/i0.wp.com\\\/nilsboyer.com\\\/wp-content\\\/uploads\\\/2025\\\/10\\\/cropped-cropped-cropped-cropped-logo-768x764-1-300x300-1.png?fit=250%2C250&ssl=1\",\"contentUrl\":\"https:\\\/\\\/i0.wp.com\\\/nilsboyer.com\\\/wp-content\\\/uploads\\\/2025\\\/10\\\/cropped-cropped-cropped-cropped-logo-768x764-1-300x300-1.png?fit=250%2C250&ssl=1\",\"width\":250,\"height\":250,\"caption\":\"Nils Boyer\"},\"image\":{\"@id\":\"https:\\\/\\\/nilsboyer.com\\\/#\\\/schema\\\/logo\\\/image\\\/\"}}]}<\/script>\n<!-- \/ Yoast SEO plugin. -->","yoast_head_json":{"title":"Palmar\u00e8s - Nils Boyer","robots":{"index":"index","follow":"follow","max-snippet":"max-snippet:-1","max-image-preview":"max-image-preview:large","max-video-preview":"max-video-preview:-1"},"canonical":"https:\/\/nilsboyer.com\/?page_id=41","og_locale":"fr_FR","og_type":"article","og_title":"Palmar\u00e8s - Nils Boyer","og_description":"2007 \u2013 2011 2012 \u2013 2013 2014 2015 2016 2017 2018 2020 2021 2023 2024 2025","og_url":"https:\/\/nilsboyer.com\/?page_id=41","og_site_name":"Nils Boyer","article_modified_time":"2025-12-19T15:12:26+00:00","og_image":[{"width":760,"height":396,"url":"https:\/\/i0.wp.com\/nilsboyer.com\/wp-content\/uploads\/2025\/10\/nilsboyerfrancklavenant_podiumrolexfastnetrace2025-760x396-c-default.jpg?fit=760%2C396&ssl=1","type":"image\/jpeg"}],"twitter_card":"summary_large_image","twitter_misc":{"Dur\u00e9e de lecture estim\u00e9e":"1 minute"},"schema":{"@context":"https:\/\/schema.org","@graph":[{"@type":"WebPage","@id":"https:\/\/nilsboyer.com\/?page_id=41","url":"https:\/\/nilsboyer.com\/?page_id=41","name":"Palmar\u00e8s - Nils Boyer","isPartOf":{"@id":"https:\/\/nilsboyer.com\/#website"},"primaryImageOfPage":{"@id":"https:\/\/nilsboyer.com\/?page_id=41#primaryimage"},"image":{"@id":"https:\/\/nilsboyer.com\/?page_id=41#primaryimage"},"thumbnailUrl":"https:\/\/nilsboyer.com\/wp-content\/uploads\/2025\/10\/nilsboyerfrancklavenant_podiumrolexfastnetrace2025-760x396-c-default.jpg","datePublished":"2025-10-08T20:51:41+00:00","dateModified":"2025-12-19T15:12:26+00:00","breadcrumb":{"@id":"https:\/\/nilsboyer.com\/?page_id=41#breadcrumb"},"inLanguage":"fr-FR","potentialAction":[{"@type":"ReadAction","target":["https:\/\/nilsboyer.com\/?page_id=41"]}]},{"@type":"ImageObject","inLanguage":"fr-FR","@id":"https:\/\/nilsboyer.com\/?page_id=41#primaryimage","url":"https:\/\/i0.wp.com\/nilsboyer.com\/wp-content\/uploads\/2025\/10\/nilsboyerfrancklavenant_podiumrolexfastnetrace2025-760x396-c-default.jpg?fit=760%2C396&ssl=1","contentUrl":"https:\/\/i0.wp.com\/nilsboyer.com\/wp-content\/uploads\/2025\/10\/nilsboyerfrancklavenant_podiumrolexfastnetrace2025-760x396-c-default.jpg?fit=760%2C396&ssl=1","width":760,"height":396},{"@type":"BreadcrumbList","@id":"https:\/\/nilsboyer.com\/?page_id=41#breadcrumb","itemListElement":[{"@type":"ListItem","position":1,"name":"Accueil","item":"https:\/\/nilsboyer.com\/"},{"@type":"ListItem","position":2,"name":"Palmar\u00e8s"}]},{"@type":"WebSite","@id":"https:\/\/nilsboyer.com\/#website","url":"https:\/\/nilsboyer.com\/","name":"Nils Boyer","description":"Des ambitions, toujours au Large !","publisher":{"@id":"https:\/\/nilsboyer.com\/#organization"},"potentialAction":[{"@type":"SearchAction","target":{"@type":"EntryPoint","urlTemplate":"https:\/\/nilsboyer.com\/?s={search_term_string}"},"query-input":{"@type":"PropertyValueSpecification","valueRequired":true,"valueName":"search_term_string"}}],"inLanguage":"fr-FR"},{"@type":"Organization","@id":"https:\/\/nilsboyer.com\/#organization","name":"Nils Boyer","url":"https:\/\/nilsboyer.com\/","logo":{"@type":"ImageObject","inLanguage":"fr-FR","@id":"https:\/\/nilsboyer.com\/#\/schema\/logo\/image\/","url":"https:\/\/i0.wp.com\/nilsboyer.com\/wp-content\/uploads\/2025\/10\/cropped-cropped-cropped-cropped-logo-768x764-1-300x300-1.png?fit=250%2C250&ssl=1","contentUrl":"https:\/\/i0.wp.com\/nilsboyer.com\/wp-content\/uploads\/2025\/10\/cropped-cropped-cropped-cropped-logo-768x764-1-300x300-1.png?fit=250%2C250&ssl=1","width":250,"height":250,"caption":"Nils Boyer"},"image":{"@id":"https:\/\/nilsboyer.com\/#\/schema\/logo\/image\/"}}]}},"jetpack_sharing_enabled":true,"_links":{"self":[{"href":"https:\/\/nilsboyer.com\/index.php?rest_route=\/wp\/v2\/pages\/41","targetHints":{"allow":["GET"]}}],"collection":[{"href":"https:\/\/nilsboyer.com\/index.php?rest_route=\/wp\/v2\/pages"}],"about":[{"href":"https:\/\/nilsboyer.com\/index.php?rest_route=\/wp\/v2\/types\/page"}],"author":[{"embeddable":true,"href":"https:\/\/nilsboyer.com\/index.php?rest_route=\/wp\/v2\/users\/2"}],"replies":[{"embeddable":true,"href":"https:\/\/nilsboyer.com\/index.php?rest_route=%2Fwp%2Fv2%2Fcomments&post=41"}],"version-history":[{"count":4,"href":"https:\/\/nilsboyer.com\/index.php?rest_route=\/wp\/v2\/pages\/41\/revisions"}],"predecessor-version":[{"id":593,"href":"https:\/\/nilsboyer.com\/index.php?rest_route=\/wp\/v2\/pages\/41\/revisions\/593"}],"wp:attachment":[{"href":"https:\/\/nilsboyer.com\/index.php?rest_route=%2Fwp%2Fv2%2Fmedia&parent=41"}],"curies":[{"name":"wp","href":"https:\/\/api.w.org\/{rel}","templated":true}]}}